{"id":1326,"date":"2025-03-12T12:24:24","date_gmt":"2025-03-12T12:24:24","guid":{"rendered":"https:\/\/thefayprogram.ch\/privacy-policy\/"},"modified":"2025-06-06T08:19:53","modified_gmt":"2025-06-06T08:19:53","slug":"privacy-policy","status":"publish","type":"page","link":"https:\/\/thefayprogram.ch\/en\/privacy-policy\/","title":{"rendered":"Privacy Policy"},"content":{"rendered":"&#13;\n<h1 class=\"wp-block-heading\"><b>Privacy policy<\/b><\/h1>&#13;\n<p>\u00a0<\/p>&#13;\n<p>Avalon Solution Sagl (nel seguito, \u201c<i>Avalon<\/i>\u201d) fornisce agli utenti del sito <i>web <\/i>di Avalon (nel seguito, il \u201c<i>Sito<\/i>\u201d, visitabile all\u2019indirizzo <a href=\"https:\/\/avalonsolution.ch\/\">https:\/\/avalonsolution.ch\/<\/a><span style=\"color: #000000;\">) le seguenti informazioni, nel rispetto dell\u2019articolo 13 Regolamento (UE) 2016\/679 (o <i>General Data Protection Regulation<\/i>, nel seguito \u201c<i>G.D.P.R<\/i>\u201d), successiva normativa nazionale di adeguamento (nel seguito indicata, congiuntamente al G.D.P.R., come \u201c<i>Normativa Privacy Applicabile<\/i>\u201d) e nel rispetto dell\u2019articolo 19 della Legge Federale sulla protezione dei dati (nel seguito <i>\u201cLPD\u201d<\/i>). Durante la consultazione del Sito vengono, infatti, raccolte informazioni relative agli utenti, che costituiscono dati personali ai sensi della Normativa <i>Privacy<\/i> Applicabile.<\/span><\/p>&#13;\n<p>L\u2019informativa \u00e8 resa esclusivamente per il Sito di cui sopra, e non per altri siti raggiungibili tramite <i>link<\/i> presenti sullo stesso.<\/p>&#13;\n<p>Titolare del trattamento dei dati<\/p>&#13;\n<p>Titolare del trattamento dei dati personali \u00e8 Avalon Solution Sagl, con sede legale in Via Nassa 46 &#8211; 6900 Lugano, TI (CH) (e-mail: <a href=\"mailto:info@alphalibrae.ch\">info@avalonsolution.ch<\/a>).<\/p>&#13;\n<p>Rappresentante europeo<\/p>&#13;\n<p>Il rappresentante europeo nominato dal titolare del trattamento ai sensi dell\u2019art. 27 del G.D.P.R. \u00e8 Scardaccione Niccol\u00f2, con sede legale in Viale Luigi Majno, 9 \u2013 20122 Milano (MI) (<i>e-mail<\/i>: scardaccione@spstudiolegale.it; tel.: +39 02\u00a083424985).<\/p>&#13;\n<p>Tipi di dati trattati<\/p>&#13;\n<p>Di seguito sono specificati i dati che vengono trattati da Avalon nel caso in cui l\u2019utente utilizzi il Sito.<\/p>&#13;\n<p>L&#8217;utente si assume la responsabilit\u00e0 degli eventuali dati personali di terzi inseriti o pubblicati sul Sito, e garantisce di avere il diritto di comunicarli o diffonderli &#8211; liberando cos\u00ec Avalon da qualsiasi responsabilit\u00e0 verso i suddetti terzi.<\/p>&#13;\n<p><i><u>Dati personali acquisiti automaticamente in caso di visita al Sito<\/u><\/i><\/p>&#13;\n<ul>&#13;\n<li>&#13;\n<p><b>Dati sulla navigazione.<\/b>\u00a0Avalon raccoglie automaticamente dati sul dispositivo (pc, <i>tablet, <\/i>telefono cellulare o altro dispositivo mobile) e la connessione utilizzati dall\u2019utente, tra i quali, ad esempio, l\u2019indirizzo IP, la data e l\u2019ora di accesso, le informazioni su <i>hardware<\/i> e <i>software<\/i>, le informazioni sugli eventi riguardanti il dispositivo, gli identificativi unici, i dati di <i>crash<\/i>.<\/p>&#13;\n<\/li>&#13;\n<\/ul>&#13;\n<ul>&#13;\n<li>&#13;\n<p><b>Dati sull&#8217;utilizzo del Sito.<\/b>\u00a0Avalon raccoglie informazioni sulle modalit\u00e0 con le quali l\u2019utente ha utilizzato il Sito, comprese, ad esempio, le pagine del Sito o altri contenuti visualizzati e i <i>link<\/i> ad altri siti e applicazioni su cui l\u2019utente ha cliccato.<\/p>&#13;\n<\/li>&#13;\n<\/ul>&#13;\n<p><i><u>Dati personali forniti direttamente dall\u2019utente<\/u><\/i><\/p>&#13;\n<ol type=\"a\">&#13;\n<li>&#13;\n<p><i><u>Dati facoltativi<\/u><\/i><\/p>&#13;\n<\/li>&#13;\n<\/ol>&#13;\n<ul>&#13;\n<li>&#13;\n<p><b>Dati forniti mediante richieste di informazioni via<\/b><i><b> e-mail<\/b><\/i>. Se l\u2019utente, per richiedere informazioni, invia in modo esplicito e volontario posta elettronica agli indirizzi di Avalon indicati sul Sito, oppure utilizza il modulo disponibile alla voce \u201c<i>Invia la tua richiesta<\/i>\u201d presente nella sezione \u201c<i>Contattaci<\/i>\u201d, Avalon acquisisce l\u2019indirizzo <i>e-mail<\/i> ed eventuali dati personali dell\u2019utente (e\/o di terzi) inseriti nel testo della comunicazione elettronica, nonch\u00e9 \u2013 per il modulo \u201c<i>Invia la tua richiesta<\/i>\u201d &#8211; il nome, il cognome, il nome dell\u2019azienda, l\u2019indirizzo e-mail, il numero di telefono ed eventuali dati personali dell\u2019utente (e\/o di terzi) inseriti nel testo del messaggio.<\/p>&#13;\n<\/li>&#13;\n<\/ul>&#13;\n<p><i><u>Dati personali raccolti tramite cookie<\/u><\/i><\/p>&#13;\n<p><a name=\"_Hlk514226398\"><\/a> Avalon utilizza <i>cookies<\/i> per raccogliere dati sulle preferenze dell\u2019utente sul Sito.<\/p>&#13;\n<p>Per ulteriori informazioni sull&#8217;uso dei <i>cookies<\/i>, l\u2019utente pu\u00f2 consultare la <i>cookie policy<\/i> del Sito.<\/p>&#13;\n<p>Finalit\u00e0 di trattamento<\/p>&#13;\n<p><a name=\"_Hlk514065425\"><\/a><a name=\"_Hlk515102804\"><\/a> <i><u>Contribuire al funzionamento del Sito; fornire all\u2019utente i servizi che Avalon presta tramite il Sito; proteggere gli interessi vitali dell\u2019utente; rispettare la normativa vigente o perseguire altre esigenze di interesse pubblico<\/u><\/i><\/p>&#13;\n<p>I dati dell\u2019utente, infatti, vengono trattati:<\/p>&#13;\n<ul>&#13;\n<li>&#13;\n<p>per far funzionare, misurare, migliorare e mantenere sicuri il Sito e i servizi resi tramite esso;<\/p>&#13;\n<\/li>&#13;\n<li>&#13;\n<p>per prevenire, rilevare e mitigare violazioni della sicurezza e attivit\u00e0 potenzialmente vietate o illegali.<\/p>&#13;\n<\/li>&#13;\n<\/ul>&#13;\n<p><i><u>Perseguire i legittimi interessi di Avalon in modo tale che questi interessi non prevalgano sui diritti e sulle libert\u00e0 fondamentali dell\u2019utente<\/u><\/i><\/p>&#13;\n<p>I dati dell\u2019utente, infatti, vengono trattati:<\/p>&#13;\n<ul>&#13;\n<li>&#13;\n<p>per identificare e risolvere i problemi riscontrati dall\u2019utente nell\u2019utilizzo del Sito (ad esempio, pagine bloccate o non funzionanti).<\/p>&#13;\n<\/li>&#13;\n<\/ul>&#13;\n<p>Questi trattamenti tutelano l\u2019interesse di Avalon a mantenere il Sito funzionante ed efficiente. Essi, inoltre, non ledono i diritti e le libert\u00e0 fondamentali dell\u2019utente, in quanto sono trattamenti prevedibili e diffusi in ogni sito. Inoltre, tali trattamenti vanno altres\u00ec a vantaggio dell\u2019utente stesso, permettendo al Sito di continuare a funzionare.<\/p>&#13;\n<p><a name=\"_Hlk517278597\"><\/a> <i><u>Con il consenso dell\u2019utente utilizzare cookie statistici e di marketing <\/u><\/i><\/p>&#13;\n<p><a name=\"_Hlk514067721\"><\/a><a name=\"_Hlk514230420\"><\/a> Con il consenso dell\u2019utente, i dati personali di quest\u2019ultimo (e\/o di terzi) possono essere trattati al fine di:<\/p>&#13;\n<ul>&#13;\n<li>&#13;\n<p>personalizzare, misurare e migliorare la pubblicit\u00e0 fornita all\u2019utente sul Sito e su altri siti <i>web<\/i>, in base alle preferenze dell\u2019utente riscontrate durante la navigazione sul Sito.<\/p>&#13;\n<\/li>&#13;\n<\/ul>&#13;\n<p>Modalit\u00e0 di trattamento<\/p>&#13;\n<p>I dati personali dell\u2019utente sono trattati con strumenti, informatici o telematici, esclusivamente per le finalit\u00e0 per le quali sono stati raccolti (vedi sopra), e conservati per un periodo determinato secondo i criteri segnalati in questa <i>privacy policy<\/i> (vedi sotto).<\/p>&#13;\n<p>I dati personali potranno essere conosciuti e trattati dal personale di Avalon, debitamente istruito circa le cautele da adottare previste dalla Normativa <i>Privacy<\/i> Applicabile.<\/p>&#13;\n<p>Avalon \u00e8 tenuto ad adottare i provvedimenti tecnici e organizzativi necessari affinch\u00e9 il trattamento dei dati personali sia conforme alle disposizioni sulla protezione dei dati, in particolare ai principi di cui all\u2019articolo 6 e li adotta sin dalla progettazione.<\/p>&#13;\n<p>Avalon tratta i dati personali dell\u2019utente in modo controllato e protetto in modo tale da poter garantire all\u2019utente, mediante appropriati provvedimenti tecnici e organizzativi, che la sicurezza dei dati personali sia adeguata al rischio.<\/p>&#13;\n<p>Durata di trattamento<\/p>&#13;\n<p>Gli specifici tempi di conservazione dei dati personali dell\u2019utente sono documentati nel registro delle attivit\u00e0 di trattamento di Avalon (implementato ai sensi dell\u2019articolo 30 della G.D.P.R e ai sensi dell\u2019art. 12 dell\u2019LPD.).<\/p>&#13;\n<p><a name=\"_Hlk515101597\"><\/a> I dati personali dell\u2019utente vengono conservati (secondo i criteri di cui al considerando 39 e all\u2019art. 5, comma 1, lett. <i>e<\/i>) del G.D.P.R.) per un periodo necessario ad assicurare che il Sito funzioni, e che Avalon eroghi agli utenti i servizi prestati tramite il Sito. Tale periodo, in ogni caso, non pu\u00f2 eccedere i 10 anni dalla raccolta.<\/p>&#13;\n<p>I dati personali dell\u2019utente vengono distrutti o resi anonimi non appena non sono pi\u00f9 necessari per lo scopo del trattamento (ai sensi dell\u2019art.6 c.4 LPD).<\/p>&#13;\n<p>I dati personali dell\u2019utente possono essere conservati per periodi maggiori di quelli appena visti solamente nel caso in ci\u00f2 sia necessario a Avalon per assolvere gli obblighi di legge ricadenti in capo ad essi o per tutelare un diritto in sede giudiziaria.<\/p>&#13;\n<p>Alla scadenza di tali termini di conservazione, i dati dell\u2019utente vengono cancellati, oppure anonimizzati in modo permanente.<\/p>&#13;\n<p>\u00a0<\/p>&#13;\n<p>Comunicazione dei dati<\/p>&#13;\n<p>Avalon potrebbe comunicare i dati personali trattati ai soli soggetti e per le sole finalit\u00e0 di seguito indicati.<\/p>&#13;\n<p><b>Lotta agli atti illeciti e alle violazioni di sicurezza<\/b><\/p>&#13;\n<ul>&#13;\n<li>&#13;\n<p>Avalon potrebbe comunicare i dati personali degli utenti a soggetti terzi che si occupano di prevenire, rilevare e mitigare atti potenzialmente illeciti e violazioni della sicurezza.<\/p>&#13;\n<\/li>&#13;\n<\/ul>&#13;\n<p><b>Applicazione della legge, procedimenti giudiziari e modalit\u00e0 autorizzate dalla legge<\/b><\/p>&#13;\n<ul>&#13;\n<li>&#13;\n<p><a name=\"_Hlk513888458\"><\/a> Avalon potrebbe comunicare i dati personali degli utenti ad Autorit\u00e0 Giudiziarie, Pubbliche Autorit\u00e0 o terze parti autorizzate, nei casi in cui la legge lo prevede. Nonch\u00e9, in generale, nei casi in cui sia necessario per adempiere obblighi di legge o richieste verificate relative ad un&#8217;indagine penale o ad una presunta attivit\u00e0 illecita, oppure per rispondere a rivendicazioni altrui circa i diritti, la propriet\u00e0 o la sicurezza di Avalon, dei suoi dipendenti o degli utenti.<\/p>&#13;\n<\/li>&#13;\n<\/ul>&#13;\n<p>\u00a0<\/p>&#13;\n<p>Diritti degli interessati<\/p>&#13;\n<p><a name=\"_Hlk514069251\"><\/a><a name=\"_Hlk516823197\"><\/a> Nei soli casi e con tutti i limiti previsti dagli artt. 15-22 G.D.P.R. e dagli artt. 25-29 LPD, l\u2019utente ha diritto &#8211; in ogni momento, a titolo gratuito e senza oneri e formalit\u00e0 particolari \u2013 a:<\/p>&#13;\n<ul>&#13;\n<li>&#13;\n<p>ottenere conferma del fatto che Avalon tratta i suoi dati personali;<\/p>&#13;\n<\/li>&#13;\n<li>&#13;\n<p>accedere ai suoi dati personali, e conoscerne l\u2019origine, le finalit\u00e0 e gli scopi di trattamento, il periodo di conservazione e le informazioni riguardanti i soggetti terzi cui i dati personali vengono comunicati;<\/p>&#13;\n<\/li>&#13;\n<li>&#13;\n<p>revocare il suo consenso in qualunque momento, nel caso in cui questo costituisca la base del trattamento;<\/p>&#13;\n<\/li>&#13;\n<li>&#13;\n<p>aggiornare o rettificare i suoi dati personali raccolti da Avalon, in modo che questi ultimi siano sempre esatti e accurati;<\/p>&#13;\n<\/li>&#13;\n<li>&#13;\n<p><a name=\"_Hlk514068222\"><\/a> esercitare il cd. diritto all\u2019oblio, ovvero fare in modo che i suoi dati personali raccolti da Avalon vengano cancellati dalle banche dati e\/o dagli archivi anche di <i>backup<\/i> di Avalon;<\/p>&#13;\n<\/li>&#13;\n<li>&#13;\n<p>limitare il trattamento dei suoi dati personali da parte di Avalon;<\/p>&#13;\n<\/li>&#13;\n<li>&#13;\n<p>opporsi al trattamento, per quei dati personali trattati per perseguire esigenze di interesse pubblico oppure legittimi interessi di Avalon;<\/p>&#13;\n<\/li>&#13;\n<li>&#13;\n<p>vedersi comunicate, in tempi congrui, le eventuali rettifiche, cancellazioni o limitazioni del trattamento disposte da Avalon, nonch\u00e9 le eventuali revoche di tali misure e le ragioni alla base delle revoche.<\/p>&#13;\n<\/li>&#13;\n<\/ul>&#13;\n<p><a name=\"_Hlk534991836\"><\/a> L\u2019utente pu\u00f2 esercitare tali diritti mediante richiesta scritta rivolta senza formalit\u00e0 a Avalon, inviando apposita <i>e-mail<\/i> all\u2019indirizzo (e-mail: <a href=\"mailto:info@avalonsolution.ch\">info@avalonsolution.ch<\/a>).<\/p>&#13;\n<p><a name=\"_Hlk514230948\"><\/a> Una volta ricevuta la suddetta <i>e-mail<\/i>, Avalon soddisfer\u00e0 la richiesta entro un mese dal ricevimento della stessa. Tale termine potr\u00e0 essere prorogato di due mesi \u2013 previo avviso all\u2019utente- tenuto conto della complessit\u00e0 e del numero delle richieste.<\/p>&#13;\n<p>Avalon ricorda all\u2019utente che, laddove il riscontro alle sue richieste non sia stato a suo avviso soddisfacente, egli\/ella potr\u00e0 rivolgersi e proporre reclamo all\u2019Autorit\u00e0 Garante per la Protezione dei Dati Personali (<a href=\"http:\/\/www.garanteprivacy.it\/\">http:\/\/www.garanteprivacy.it\/<\/a>) nei modi previsti dalla Normativa <i>Privacy<\/i> Applicabile.<\/p>&#13;\n<p><a name=\"_Hlk534991881\"><\/a> Modifiche alla <i>privacy policy<\/i><\/p>&#13;\n<p>Avalon si riserva il diritto di apportare modifiche alla presente <i>privacy policy<\/i> in qualunque momento, dandone pubblicit\u00e0 agli utenti su questa pagina del Sito.<\/p>&#13;\n<p>Si prega, dunque, l\u2019utente di consultare spesso questa pagina, prendendo come riferimento la data di ultima modifica indicata in fondo. Salvo quanto diversamente specificato, in caso di modifica la precedente <i>privacy policy<\/i> continuer\u00e0 ad applicarsi ai dati personali sino a quel momento raccolti.<\/p>&#13;\n<p>Data ultimo aggiornamento: novembre 2024<\/p>&#13;\n<p>\u00a0<\/p>&#13;\n<h2><b>Cookie policy<\/b><\/h2>&#13;\n<p>Il sito <i>web <\/i>di Avalon Solution Sagl (nel seguito, rispettivamente, il \u201c<i>Sito<\/i>\u201d e \u201c<i>Avalon<\/i>\u201d), visitabile all\u2019indirizzo <a href=\"https:\/\/www.avalonsolution.ch\/\">https:\/\/www.avalonsolution.ch\/<\/a><span style=\"color: #00000a;\">, utilizza alcuni <i>cookie<\/i> nei confronti degli utenti. Con la presente <i>policy<\/i>, Avalon informa l\u2019utente sui <i>cookie<\/i> installati dal solo Sito, sulle loro caratteristiche e sulle relative modalit\u00e0 di gestione. Per i <i>cookie<\/i> installati su eventuali altri siti <i>web<\/i> raggiungibili tramite il Sito, invece, si invitano gli utenti a consultare le relative <i>cookie policy<\/i>.<\/span><\/p>&#13;\n<p>Titolare del trattamento dei dati<\/p>&#13;\n<p>Titolare del trattamento dei dati personali \u00e8 Avalon Solution Sagl, con sede legale in Via Nassa 46 &#8211; 6900 Lugano, TI (CH) (e-mail: <a href=\"mailto:info@avalonsolution.ch\">info@avalonsolution.ch<\/a>).<\/p>&#13;\n<p>Rappresentante europeo<\/p>&#13;\n<p>Il rappresentante europeo nominato dal titolare del trattamento ai sensi dell\u2019art. 27 del G.D.P.R. \u00e8 Scardaccione Niccol\u00f2, con sede legale in Viale Luigi Majno, 9 \u2013 20122 Milano (MI) (<i>e-mail<\/i>: scardaccione@spstudiolegale.it; tel.: +39 02\u00a083424985).<\/p>&#13;\n<p>Cosa sono i cookie<\/p>&#13;\n<p>I <i>cookie<\/i> sono piccoli <i>file<\/i> di testo (formati in genere da lettere e numeri<i>), <\/i>che vengono salvati sul dispositivo utilizzato dall\u2019utente (computer, tablet, telefono cellulare o altro dispositivo mobile) ed esaminati ogni volta che l&#8217;utente accede al Sito. I <i>cookie<\/i> rendono tecnicamente possibile registrare, per un certo lasso di tempo (variabile a seconda della durata di utilizzo), informazioni utili a garantire che il Sito sia facilmente utilizzabile ed efficace, nonch\u00e9 a comprendere come l\u2019utente utilizzi il Sito e quali siano le preferenze che ha mostrato.<\/p>&#13;\n<p>Esistono diversi tipi di <i>cookie:<\/i><\/p>&#13;\n<ol type=\"a\">&#13;\n<li>&#13;\n<p>in base alla durata del loro utilizzo,<\/p>&#13;\n<\/li>&#13;\n<\/ol>&#13;\n<ul>&#13;\n<li>&#13;\n<p><i>cookie<\/i> di sessione, che vengono rimossi automaticamente al termine della sessione del <i>browser<\/i>; e<\/p>&#13;\n<\/li>&#13;\n<li>&#13;\n<p><i>cookie<\/i> permanenti, che rimangono invece memorizzati nel dispositivo dell\u2019utente anche dopo il termine della sessione del <i>browser<\/i>;<\/p>&#13;\n<\/li>&#13;\n<\/ul>&#13;\n<ol start=\"2\" type=\"a\">&#13;\n<li>&#13;\n<p>in base al soggetto che li installa sul dispositivo dell\u2019utente,<\/p>&#13;\n<\/li>&#13;\n<\/ol>&#13;\n<ul>&#13;\n<li>&#13;\n<p><i>cookie<\/i> di prima parte (o proprietari), che vengono installati dal sito <i>web<\/i> che l\u2019utente sta visitando; e<\/p>&#13;\n<\/li>&#13;\n<li>&#13;\n<p><i>cookie<\/i> di terze parti, che vengono installati da un sito <i>web<\/i> diverso da quello che l\u2019utente sta visitando.<i> <\/i><\/p>&#13;\n<\/li>&#13;\n<\/ul>&#13;\n<p>\u00a0<\/p>&#13;\n<h3>Necessary and preferred cookies: user consent<\/h3>&#13;\n<h3>\u00a0<\/h3>&#13;\n<p>Il Sito fa uso di <i>cookie<\/i> <i>necessari, statistici, di marketing<\/i><i> e di preferenza <\/i>(v. sotto per le relative definizioni).<\/p>&#13;\n<p>I <i>cookie<\/i> <i>necessari<\/i> vengono utilizzati per permettere all\u2019utente di accedere al Sito e di navigarvi, quindi, non richiedono il consenso dell\u2019utente.<\/p>&#13;\n<p>I <i>cookie<\/i> di preferenza vengono utilizzati per memorizzare le preferenze espresse dall\u2019utente in merito a un servizio,<\/p>&#13;\n<p>richiesto dallo stesso utente e collegato alle pagine di un sito web. Visto che la prestazione di tali servizi viene richiesta<\/p>&#13;\n<p>dall\u2019utente stesso, i cookie di preferenze non richiedono il consenso dell\u2019utente.<\/p>&#13;\n<p>In occasione di ulteriori visite al Sito, l\u2019utente pu\u00f2, inoltre, revocare il consenso prima prestato all\u2019utilizzo di tali <i>cookie. <\/i>Per fare ci\u00f2, l\u2019utente pu\u00f2 servirsi della pagina dedicata alla gestione dei <i>cookie.<\/i><\/p>&#13;\n<h3>Cookies and browser options<\/h3>&#13;\n<p>Si segnala, agli utenti che, cambiando le impostazioni del <i>browser<\/i> utilizzato, essi hanno sempre la possibilit\u00e0 di cancellare i <i>cookie<\/i> gi\u00e0 installati e di non accettarne di nuovi.<\/p>&#13;\n<p>Le procedure da seguire per cambiare tali impostazioni sono differenti per ogni tipo di <i>browser<\/i> e per ogni sistema operativo utilizzati.<\/p>&#13;\n<p>Ecco i <i>link<\/i> relativi alle impostazioni sui <i>cookie<\/i> dei <i>browser<\/i> pi\u00f9 diffusi:<\/p>&#13;\n<ul>&#13;\n<li>&#13;\n<p><span lang=\"en-GB\"><i>Google Chrome<\/i><span lang=\"en-GB\">:\u00a0<a href=\"https:\/\/support.google.com\/chrome\/answer\/95647?hl=it\"><span lang=\"en-GB\">https:\/\/support.google.com\/chrome\/answer\/95647?hl=it<\/span><\/a><span style=\"color: #0563c1;\"><span lang=\"en-GB\"><u>;<\/u><\/span><\/span><\/span><\/span><\/p>&#13;\n<\/li>&#13;\n<li>&#13;\n<p><i>Mozilla Firefox<\/i>:\u00a0<a href=\"https:\/\/support.mozilla.org\/it\/kb\/Gestione%20dei%20cookie\">https:\/\/support.mozilla.org\/it\/kb\/Gestione%20dei%20cookie<\/a>;<\/p>&#13;\n<\/li>&#13;\n<li>&#13;\n<p><i>Safari<\/i>: <a href=\"https:\/\/support.apple.com\/it-it\/HT201265\">https:\/\/support.apple.com\/it-it\/HT201265<\/a> (per <i>IPhone, IPad <\/i>e<i> IPod Touch<\/i>) https:\/\/support.apple.com\/it-it\/guide\/safari\/sfri11471\/mac <span style=\"color: #000000;\">(per <span style=\"color: #000000;\"><i>MacBook<\/i><span style=\"color: #000000;\">)<u>;<\/u><\/span><\/span><\/span><\/p>&#13;\n<\/li>&#13;\n<li>&#13;\n<p><span lang=\"en-GB\"><i>Windows Internet Explorer<\/i><span lang=\"en-GB\">:\u00a0<a href=\"https:\/\/support.microsoft.com\/it-it\/help\/17442\/windows-internet-explorer-delete-manage-cookies\"><span lang=\"en-GB\">https:\/\/support.microsoft.com\/it-it\/help\/17442\/windows-internet-explorer-delete-manage-cookies<\/span><\/a><span style=\"color: #000000;\"><span lang=\"en-GB\">;<\/span><\/span><\/span><\/span><\/p>&#13;\n<\/li>&#13;\n<li>&#13;\n<p><span lang=\"en-GB\"><i>Windows Microsoft Edge<\/i><span lang=\"en-GB\">: <a href=\"https:\/\/privacy.microsoft.com\/en-us\/windows-10-microsoft-edge-and-privacy\">https:\/\/privacy.microsoft.com\/en-us\/windows-10-microsoft-edge-and-privacy<\/a>.<\/span><\/span><\/p>&#13;\n<\/li>&#13;\n<\/ul>&#13;\n<p>Gli utenti possono reperire maggiori informazioni sui principali <i>cookie<\/i> utilizzati su <i>internet<\/i> (statistici e di <i>marketing<\/i>) e sulle relative modalit\u00e0 di disinstallazione consultando la\u00a0<a href=\"http:\/\/www.networkadvertising.org\/choices\/\">pagina sull&#8217;opt-out della Network Alliance Initiative<\/a>, la\u00a0<a href=\"http:\/\/www.aboutads.info\/choices\/\">pagina sull&#8217;opt-out della Digital Advertising Alliance<\/a>, o\u00a0il sito <a href=\"http:\/\/youronlinechoices.eu\">http:\/\/youronlinechoices.eu<\/a>.<\/p>&#13;\n<h2>\u00a0<\/h2>&#13;\n<h3>Cookies used by the Site<\/h3>&#13;\n<p>Quando l\u2019utente visita il Sito, il Sito stesso e siti <i>web<\/i> terzi installano sul dispositivo utilizzato dall\u2019utente alcuni <i>cookie<\/i>.<\/p>&#13;\n<h2>\u00a0<\/h2>&#13;\n<h3><i>Necessary cookies<\/i><\/h3>&#13;\n<p>Questi <i>cookie<\/i>, di sessione o permanenti, rendono utilizzabile un sito <i>web<\/i>, permettendo, ad esempio, la navigazione tra le pagine, o l&#8217;accesso ad aree riservate. Nessun sito <i>web<\/i> potrebbe funzionare correttamente senza di essi.<\/p>&#13;\n<p>Ecco i <i>cookie <\/i>necessari che vengono installati in caso di visita al Sito:<\/p>&#13;\n<table border=\"1\" width=\"642\" frame=\"VOID\" rules=\"ROWS\" cellspacing=\"0\" cellpadding=\"7\">&#13;\n<tbody>&#13;\n<tr valign=\"TOP\">&#13;\n<td width=\"114\">&#13;\n<p><b>Nome<\/b><\/p>&#13;\n<\/td>&#13;\n<td width=\"114\">&#13;\n<p><b>Fornitore<\/b><\/p>&#13;\n<\/td>&#13;\n<td width=\"114\">&#13;\n<p><b>Scopo<\/b><\/p>&#13;\n<\/td>&#13;\n<td width=\"114\">&#13;\n<p><b>Scadenza<\/b><i><b> <\/b><\/i><\/p>&#13;\n<\/td>&#13;\n<td width=\"115\">&#13;\n<p><b>Tipo<\/b><i><b> <\/b><\/i><\/p>&#13;\n<\/td>&#13;\n<\/tr>&#13;\n<tr valign=\"TOP\">&#13;\n<td width=\"114\">&#13;\n<p>wpEmojiSettingsSupports<\/p>&#13;\n<\/td>&#13;\n<td width=\"114\">&#13;\n<p>avalonsolution.ch<\/p>&#13;\n<\/td>&#13;\n<td width=\"114\">&#13;\n<p>Aiuta a determinare se il browser dell&#8217;utente pu\u00f2 visualizzare correttamente gli emoji.<\/p>&#13;\n<\/td>&#13;\n<td width=\"114\">&#13;\n<p>Sessione<\/p>&#13;\n<\/td>&#13;\n<td width=\"115\">&#13;\n<p>HTTP<\/p>&#13;\n<\/td>&#13;\n<\/tr>&#13;\n<\/tbody>&#13;\n<\/table>&#13;\n<p><i>Cookie di preferenza<\/i><\/p>&#13;\n<p>Questi cookie di memorizzano, su espressa richiesta dell\u2019utente, alcune preferenze espresse da quest\u2019ultimo nel corso<\/p>&#13;\n<p>della navigazione circa il funzionamento o il layout del Sito (ad esempio, la lingua utilizzata sul Sito, oppure la<\/p>&#13;\n<p>posizione occupata da alcune icone nelle pagine del Sito). In virt\u00f9 del fatto che la prestazione di tali servizi viene<\/p>&#13;\n<p>richiesta dall\u2019utente stesso, non \u00e8 richiesto il consenso dell\u2019utente.<\/p>&#13;\n<p>Di seguito i cookie di preferenza che vengono installati in caso di visita al Sito:<\/p>&#13;\n<table border=\"1\" width=\"642\" frame=\"VOID\" rules=\"ROWS\" cellspacing=\"0\" cellpadding=\"7\">&#13;\n<tbody>&#13;\n<tr valign=\"TOP\">&#13;\n<td width=\"114\">&#13;\n<p><b>Nome<\/b><\/p>&#13;\n<\/td>&#13;\n<td width=\"114\">&#13;\n<p><b>Fornitore<\/b><\/p>&#13;\n<\/td>&#13;\n<td width=\"114\">&#13;\n<p><b>Scopo<\/b><\/p>&#13;\n<\/td>&#13;\n<td width=\"114\">&#13;\n<p><b>Scadenza<\/b><i><b> <\/b><\/i><\/p>&#13;\n<\/td>&#13;\n<td width=\"115\">&#13;\n<p><b>Tipo<\/b><i><b> <\/b><\/i><\/p>&#13;\n<\/td>&#13;\n<\/tr>&#13;\n<tr valign=\"TOP\">&#13;\n<td width=\"114\">&#13;\n<p>wp-wpml_current_language<\/p>&#13;\n<\/td>&#13;\n<td width=\"114\">&#13;\n<p>avalonsolution.ch<\/p>&#13;\n<\/td>&#13;\n<td width=\"114\">&#13;\n<p>Determina il prefisso internazionale calcolato sulla base dell\u2019indirizzo IP dell\u2019utente. Utilizzato per determinare quale lingua deve essere utilizzata per gli utenti<\/p>&#13;\n<\/td>&#13;\n<td width=\"114\">&#13;\n<p>Sessione<\/p>&#13;\n<\/td>&#13;\n<td width=\"115\">&#13;\n<p>HTTP<\/p>&#13;\n<\/td>&#13;\n<\/tr>&#13;\n<\/tbody>&#13;\n<\/table>&#13;\n<p>Data ultimo aggiornamento: novembre 2024<\/p>&#13;\n<p>\u00a0<\/p>&#13;\n<p>\u00a0<\/p>&#13;\n<p>\u00a0<\/p>&#13;\n<p>\u00a0<\/p>","protected":false},"excerpt":{"rendered":"<p>&#13; Privacy policy &#13; \u00a0 &#13; Avalon Solution Sagl (nel seguito, \u201cAvalon\u201d) fornisce agli utenti del sito web di Avalon (nel seguito, il \u201cSito\u201d, visitabile all\u2019indirizzo https:\/\/avalonsolution.ch\/) le seguenti informazioni,&#8230;<\/p>\n","protected":false},"author":1,"featured_media":0,"parent":0,"menu_order":0,"comment_status":"closed","ping_status":"closed","template":"","meta":{"footnotes":""},"class_list":["post-1326","page","type-page","status-publish"],"_links":{"self":[{"href":"https:\/\/thefayprogram.ch\/en\/wp-json\/wp\/v2\/pages\/1326","targetHints":{"allow":["GET"]}}],"collection":[{"href":"https:\/\/thefayprogram.ch\/en\/wp-json\/wp\/v2\/pages"}],"about":[{"href":"https:\/\/thefayprogram.ch\/en\/wp-json\/wp\/v2\/types\/page"}],"author":[{"embeddable":true,"href":"https:\/\/thefayprogram.ch\/en\/wp-json\/wp\/v2\/users\/1"}],"replies":[{"embeddable":true,"href":"https:\/\/thefayprogram.ch\/en\/wp-json\/wp\/v2\/comments?post=1326"}],"version-history":[{"count":2,"href":"https:\/\/thefayprogram.ch\/en\/wp-json\/wp\/v2\/pages\/1326\/revisions"}],"predecessor-version":[{"id":1426,"href":"https:\/\/thefayprogram.ch\/en\/wp-json\/wp\/v2\/pages\/1326\/revisions\/1426"}],"wp:attachment":[{"href":"https:\/\/thefayprogram.ch\/en\/wp-json\/wp\/v2\/media?parent=1326"}],"curies":[{"name":"wp","href":"https:\/\/api.w.org\/{rel}","templated":true}]}}